{"id":87,"date":"2016-11-03T10:04:17","date_gmt":"2016-11-03T09:04:17","guid":{"rendered":"http:\/\/slpalladio.com\/network-services\/"},"modified":"2017-06-28T16:36:49","modified_gmt":"2017-06-28T14:36:49","slug":"network-servizi","status":"publish","type":"page","link":"https:\/\/slpalladio.com\/it\/network-servizi\/","title":{"rendered":"Network e servizi"},"content":{"rendered":"<section class=\"banner\">\n<picture data-aos=\"fade\"><source media=\"(max-width: 768px)\" \nsrcset=\"https:\/\/slpalladio.com\/website\/wp-content\/themes\/slpalladio\/img\/network_banner_small-low.jpg, https:\/\/slpalladio.com\/website\/wp-content\/themes\/slpalladio\/img\/network_banner_small-high.jpg 2x\"><br \/>\n\t\t<img srcset=\"https:\/\/slpalladio.com\/website\/wp-content\/themes\/slpalladio\/img\/network_banner_big-low.jpg, https:\/\/slpalladio.com\/website\/wp-content\/themes\/slpalladio\/img\/network_banner_big-high.jpg 2x\" src=\"https:\/\/slpalladio.com\/website\/wp-content\/themes\/slpalladio\/img\/network_banner_big-low.jpg\" alt=\"image banner\">\n\t<\/picture>\n<\/section>\n<article class=\"full blue\">\n<div class=\"container clear\">\n<div class=\"half\" data-aos=\"fade\">\n<header>\n<h1>Network<\/h1>\n<h2>Sinergia con il gruppo \u2018Belle International\u2019 Holdings ltd.<\/h2>\n<p>\t\t\t\t<img loading=\"lazy\" src=\"https:\/\/slpalladio.com\/website\/wp-content\/themes\/slpalladio\/img\/BIH_logo.jpg\" alt=\"BIH_logo\" width=\"120\" height=\"40\" class=\"logo\" \/><\/p>\n<\/header><\/div>\n<div class=\"half\" data-aos=\"fade\">\n<div class=\"content\">\n<p>SL Palladio International \u00e8 una societ\u00e0 gestita indipendentemente che fruisce di significative sinergie con Belle International Holding Ltd. attraverso la condivisione di best-practice, della conoscenza del mercato, del network e della rete di distribuzione, nonch\u00e9 delle competenze di alcuni tra i top executives di uno dei gruppi leader nella produzione e nella distribuzione O2O di abbigliamento e calzature in Cina.\n\t\t\t\t<\/p>\n<\/p><\/div>\n<\/p><\/div>\n<\/p><\/div>\n<\/article>\n<article class=\"full\">\n<div class=\"container clear\">\n<header class=\"smalltext\">\n<h1 data-aos=\"fade\">Servizi<\/h1>\n<h2 data-aos=\"fade\">Leve di Market-Performance<\/h2>\n<\/header>\n<div class=\"content\">\n<p data-aos=\"fade\" class=\"smalltext\">SL Palladio pu\u00f2 rappresentare un partner attivo per quanto riguarda la crescita e lo sviluppo delle societ\u00e0 in portfolio, contribuendo a migliorare la loro attrattivit\u00e0 verso i consumatori ed il loro riconoscimento sul mercato. Le aziende che entreranno a far parte del portfolio di SL Palladio International potranno beneficiare dell\u2019esperienza relativa al vasto mercato cinese, della  rete distributiva e del set di competenze di Belle International.\n<\/p>\n<div class=\"graphicsServices\" data-aos=\"fade\">\n<ul>\n<li data-aos=\"fade\" data-aos-delay=\"500\" style=\"height: 500px\">\n<h3>SUPPORTO FINANZIARIO<\/p>\n<\/h3>\n<ul>\n<li>Investendo come azionisti di minoranza, possiamo fornire un finanziamento-ponte utile a supportare ed accelerare lo sviluppo aziendale e del business.<\/li>\n<\/ul>\n<p>\t\t\t\t\t\t<img loading=\"lazy\" src=\"https:\/\/slpalladio.com\/website\/wp-content\/themes\/slpalladio\/img\/arrow_1.png\" alt=\"arrow_1\" width=\"70\" height=\"70\" class=\"arrow\" \/>\n\t\t\t\t\t<\/li>\n<li data-aos=\"fade\" data-aos-delay=\"1000\" style=\"height: 500px\">\n<h3>DIREZIONE STRATEGICA (per aziende nella loro fase di sviluppo iniziale)<\/h3>\n<ul>\n<li>valutazione della strategia e del business-model aziendale<\/li>\n<li>piano di sviluppo strategico<\/li>\n<li>definizione del consumatore-target e del panorama competitivo<\/li>\n<\/ul>\n<p>\t\t\t\t\t\t<img loading=\"lazy\" src=\"https:\/\/slpalladio.com\/website\/wp-content\/themes\/slpalladio\/img\/arrow_2.png\" alt=\"arrow_1\" width=\"70\" height=\"70\" class=\"arrow\" \/>\n\t\t\t\t\t<\/li>\n<li data-aos=\"fade\" data-aos-delay=\"1500\" style=\"height: 500px\">\n<h3>ESPANSIONE INTERNAZIONALE<\/p>\n<\/h3>\n<ul>\n<li>Analisi delle opportunit\u00e0 di mercato in Cina ed in Europa<\/li>\n<li>Individuazione della corretta strategia di entry-market e  sviluppo del modello di business<\/li>\n<li>Introduzione e roadshow a potenziali partners per ulteriori mercati internazionali<\/li>\n<li>Implementazione all\u2019interno di  una piattaforma di   e-commerce come possibile strategia di entry-market<\/li>\n<\/ul>\n<\/li>\n<\/ul><\/div>\n<\/p><\/div>\n<\/p><\/div>\n<\/article>\n","protected":false},"excerpt":{"rendered":"Network Sinergia con il gruppo \u2018Belle International\u2019 Holdings ltd. SL Palladio International \u00e8 una societ\u00e0 gestita indipendentemente che fruisce di significative sinergie con Belle International Holding Ltd. attraverso la condivisione di best-practice, della conoscenza del mercato, del network e della rete di distribuzione, nonch\u00e9 delle competenze di alcuni tra i top executives di uno dei&#8230; <a class=\"view-article\" href=\"https:\/\/slpalladio.com\/it\/network-servizi\/\">Mostra articolo<\/a>","protected":false},"author":1,"featured_media":0,"parent":0,"menu_order":3,"comment_status":"closed","ping_status":"closed","template":"","meta":[],"_links":{"self":[{"href":"https:\/\/slpalladio.com\/it\/wp-json\/wp\/v2\/pages\/87"}],"collection":[{"href":"https:\/\/slpalladio.com\/it\/wp-json\/wp\/v2\/pages"}],"about":[{"href":"https:\/\/slpalladio.com\/it\/wp-json\/wp\/v2\/types\/page"}],"author":[{"embeddable":true,"href":"https:\/\/slpalladio.com\/it\/wp-json\/wp\/v2\/users\/1"}],"replies":[{"embeddable":true,"href":"https:\/\/slpalladio.com\/it\/wp-json\/wp\/v2\/comments?post=87"}],"version-history":[{"count":7,"href":"https:\/\/slpalladio.com\/it\/wp-json\/wp\/v2\/pages\/87\/revisions"}],"predecessor-version":[{"id":265,"href":"https:\/\/slpalladio.com\/it\/wp-json\/wp\/v2\/pages\/87\/revisions\/265"}],"wp:attachment":[{"href":"https:\/\/slpalladio.com\/it\/wp-json\/wp\/v2\/media?parent=87"}],"curies":[{"name":"wp","href":"https:\/\/api.w.org\/{rel}","templated":true}]}}